{"id":158,"date":"2023-02-21T14:11:55","date_gmt":"2023-02-21T13:11:55","guid":{"rendered":"https:\/\/vacances-chatelaillon.com\/?page_id=158"},"modified":"2023-02-28T09:46:56","modified_gmt":"2023-02-28T08:46:56","slug":"conditions-generales-de-locations-saisonnieres","status":"publish","type":"page","link":"https:\/\/vacances-chatelaillon.com\/index.php\/conditions-generales-de-locations-saisonnieres\/","title":{"rendered":"Conditions g\u00e9n\u00e9rales de locations saisonni\u00e8res"},"content":{"rendered":"\t\t<div data-elementor-type=\"wp-page\" data-elementor-id=\"158\" class=\"elementor elementor-158\">\n\t\t\t\t\t\t<section class=\"elementor-section elementor-top-section elementor-element elementor-element-ca27922 elementor-section-full_width elementor-section-height-default elementor-section-height-default\" data-id=\"ca27922\" data-element_type=\"section\" data-e-type=\"section\">\n\t\t\t\t\t\t<div class=\"elementor-container elementor-column-gap-default\">\n\t\t\t\t\t<div class=\"elementor-column elementor-col-100 elementor-top-column elementor-element elementor-element-4a478e9\" data-id=\"4a478e9\" data-element_type=\"column\" data-e-type=\"column\">\n\t\t\t<div class=\"elementor-widget-wrap elementor-element-populated\">\n\t\t\t\t\t\t<div class=\"elementor-element elementor-element-97e4ccd elementor-widget elementor-widget-text-editor\" data-id=\"97e4ccd\" data-element_type=\"widget\" data-e-type=\"widget\" data-widget_type=\"text-editor.default\">\n\t\t\t\t<div class=\"elementor-widget-container\">\n\t\t\t\t\t\t\t\t\t<p><strong>conditions g\u00e9n\u00e9rales de location meubl\u00e9 saisonnier<\/strong><\/p><p><b><br><\/b><strong>1- dispositions g\u00e9n\u00e9rales<\/strong><br>le locataire ne peut en aucune cironstance se pr\u00e9valoir d\u2019un quelconque droit de maintien des lieux \u00e0 l\u2019expiration de la p\u00e9riode initialement pr\u00e9vue sur le pr\u00e9sent contrat.<\/p>\n<p><strong>2- paiement<\/strong><br>la r\u00e9servation devient effective d\u00e8s lors que le locataire retourne un exemplaire du pr\u00e9sent contrat accompagn\u00e9 du montant des arrhes (25% de la somme totale) avant la date indiqu\u00e9e au recto.<br>le solde de la location est vers\u00e9 le jour de l\u2019arriv\u00e9e apr\u00e8s l\u2019\u00e9tablissement d\u2019un \u00e9tat des lieux contradictoire.<br><strong>3- d\u00e9p\u00f4t de garantie ou caution<\/strong><br>\u00e0 l\u2019arriv\u00e9e, un d\u00e9p\u00f4t de garantie est demand\u00e9 par le propri\u00e9taire. son montant ne peux exc\u00e9der le co\u00fbt total de la location. le propri\u00e9taire a le droit d\u2019encaisser le d\u00e9p\u00f4t de garantie.<br>il est restitu\u00e9 au locataire, apr\u00e8s l\u2019\u00e9tat des lieux contradictoire de sortie ou lui est envoy\u00e9 dans un d\u00e9lai de 7 jours, d\u00e9duction faite, si n\u00e9cessaire, du co\u00fbt de remise en \u00e9tat des lieux et des frais de remplacement des \u00e9l\u00e9ments et \u00e9quipements mis \u00e0 disposition. ce d\u00e9lai ne peut d\u00e9passer 60 jours.<br><strong>7- utilisation des lieux<\/strong><br>le locataire utilise la location d\u2019une mani\u00e8re paisible et en fait bon usage, conform\u00e9ment \u00e0 la destination des lieux.<br>\u00e0 son d\u00e9part, le locataire s\u2019engage \u00e0 rendre le logement aussi propre qu\u2019il l\u2019aura trouv\u00e9 \u00e0 son arriv\u00e9e.<br>la location ne peut en aucun cas b\u00e9n\u00e9ficier \u00e0 des tiers.<br>le propri\u00e9taire doit fournir le logement conforme \u00e0 la description qu\u2019il en a faite et le maintient en \u00e9tat de servir.<br><strong>5- nombre d\u2019occupants<\/strong><br>le nombre de locataires ne peut \u00eatre sup\u00e9rieur \u00e0 la capacit\u00e9 d\u2019accueil indiqu\u00e9e sur le contrat. toutefois, un d\u00e9passement peut \u00eatre accord\u00e9 par le propri\u00e9taire. dans ce cas et compte tenu des charges suppl\u00e9mentaires occasionn\u00e9es par la modification du nombre d\u2019occupants, un suppl\u00e9ment peut \u00eatre calcul\u00e9 au prorata du nombre de personnes.<br><strong>6- \u00e9tat des lieux et inventaire<\/strong><br>l\u2019\u00e9tat des lieux et inventaire du mobilier et des divers \u00e9quipements sont faits contradictoirement au d\u00e9but et \u00e0 la fin du s\u00e9jour par le propri\u00e9taire et portent la signature des deux parties.<br><strong>7- conditions de r\u00e9siliation<\/strong><br>toute annulation doit \u00eatre notifi\u00e9e par lettre recommand\u00e9e ou t\u00e9l\u00e9gramme :<br><em>a) avant l\u2019entr\u00e9e en jouissance :<\/em><br>en r\u00e8gle g\u00e9n\u00e9rale, les arrhes restent acquises au propri\u00e9taire ; toutefois elles pourront \u00eatre restitu\u00e9es, quand le meubl\u00e9 aura pu \u00eatre relou\u00e9 pour la m\u00eame p\u00e9riode et au m\u00eame prix.<br><em>b) si le locataire ne s\u2019est pas pr\u00e9sent\u00e9 le jour mentionn\u00e9 sur le contrat :<\/em><br>pass\u00e9 un d\u00e9lai de 24 heures et sans avis notifi\u00e9 au propri\u00e9taire :<br>&#8211; le pr\u00e9sent contrat est consid\u00e9r\u00e9 comme r\u00e9sili\u00e9,<br>&#8211; les arrhes restent acquises au propri\u00e9taire,<br>&#8211; le propri\u00e9taire peut disposer de sa location.<br><em>c) en cas d\u2019annulation de la location par le propri\u00e9taire :<\/em><br>il rembourse au locataire le double du montant des arrhes re\u00e7ues.<br><strong>8- interruption de s\u00e9jour<\/strong><br>en cas d\u2019interruption anticip\u00e9e de s\u00e9jour par le locataire, ne relevant pas du cas de force majeure, il ne sera proc\u00e9d\u00e9 \u00e0 aucun remboursement, hormis le d\u00e9p\u00f4t de garantie. le cas de force majeure est reconnu si le locataire justifie de motifs graves rendant impossible le d\u00e9roulement totale de la location. dans ce cas, le propri\u00e9taire peut proc\u00e9der \u00e0 la restitution des sommes d\u00e9j\u00e0 vers\u00e9es, correspondant au prorata de la dur\u00e9e d\u2019occupation non effectu\u00e9e.<br>9- assurances<br>le locataire est tenu d\u2019assurer le local qui lui est confi\u00e9 ou lou\u00e9. il doit donc v\u00e9rifier si son contrat d\u2019habitation principale pr\u00e9voit l\u2019extension vill\u00e9giature (location de vacances). dans l\u2019hypoth\u00e8se contraire, il est souhaitable qu\u2019il s\u2019informe aupr\u00e8s de son assureur. le propri\u00e9taire peut exiger une attestation d\u2019assurances ou, \u00e0 d\u00e9faut, une d\u00e9claration sur l\u2019honneur.<br><strong>10- litiges ou r\u00e9clamations<\/strong><br>si la r\u00e9clamation porte sur l\u2019\u00e9tat des lieux ou l\u2019\u00e9tat du descriptif de la location, elle doit alors \u00eatre formul\u00e9e, par \u00e9crit, dans les sept jours qui suivent l\u2019arriv\u00e9e. le propri\u00e9taire et le locataire doivent favoriser le r\u00e8glement amiable. pour d\u2019autres contestations, le locataire peut saisir, sans limite de d\u00e9lai, un organisme repr\u00e9sentatif.<br>source : contrat de location- guide du loueur en meubl\u00e9 de tourisme- charente maritime- conseil g\u00e9n\u00e9ral.<br>www.en-charente-maritime.com<\/p>\t\t\t\t\t\t\t\t<\/div>\n\t\t\t\t<\/div>\n\t\t\t\t\t<\/div>\n\t\t<\/div>\n\t\t\t\t\t<\/div>\n\t\t<\/section>\n\t\t\t\t<\/div>\n\t\t","protected":false},"excerpt":{"rendered":"<p>conditions g\u00e9n\u00e9rales de location meubl\u00e9 saisonnier 1- dispositions g\u00e9n\u00e9rales le locataire ne peut en aucune cironstance se pr\u00e9valoir d\u2019un quelconque droit de maintien des lieux \u00e0 l\u2019expiration de la p\u00e9riode initialement pr\u00e9vue sur le pr\u00e9sent contrat. 2- paiement la r\u00e9servation devient effective d\u00e8s lors que le locataire retourne un exemplaire du pr\u00e9sent contrat accompagn\u00e9 du [&hellip;]<\/p>\n","protected":false},"author":1,"featured_media":0,"parent":0,"menu_order":0,"comment_status":"closed","ping_status":"closed","template":"","meta":{"ocean_post_layout":"full-width","ocean_both_sidebars_style":"","ocean_both_sidebars_content_width":0,"ocean_both_sidebars_sidebars_width":0,"ocean_sidebar":"0","ocean_second_sidebar":"0","ocean_disable_margins":"enable","ocean_add_body_class":"","ocean_shortcode_before_top_bar":"","ocean_shortcode_after_top_bar":"","ocean_shortcode_before_header":"","ocean_shortcode_after_header":"","ocean_has_shortcode":"","ocean_shortcode_after_title":"","ocean_shortcode_before_footer_widgets":"","ocean_shortcode_after_footer_widgets":"","ocean_shortcode_before_footer_bottom":"","ocean_shortcode_after_footer_bottom":"","ocean_display_top_bar":"default","ocean_display_header":"default","ocean_header_style":"","ocean_center_header_left_menu":"0","ocean_custom_header_template":"0","ocean_custom_logo":0,"ocean_custom_retina_logo":0,"ocean_custom_logo_max_width":0,"ocean_custom_logo_tablet_max_width":0,"ocean_custom_logo_mobile_max_width":0,"ocean_custom_logo_max_height":0,"ocean_custom_logo_tablet_max_height":0,"ocean_custom_logo_mobile_max_height":0,"ocean_header_custom_menu":"0","ocean_menu_typo_font_family":"0","ocean_menu_typo_font_subset":"","ocean_menu_typo_font_size":0,"ocean_menu_typo_font_size_tablet":0,"ocean_menu_typo_font_size_mobile":0,"ocean_menu_typo_font_size_unit":"px","ocean_menu_typo_font_weight":"","ocean_menu_typo_font_weight_tablet":"","ocean_menu_typo_font_weight_mobile":"","ocean_menu_typo_transform":"","ocean_menu_typo_transform_tablet":"","ocean_menu_typo_transform_mobile":"","ocean_menu_typo_line_height":0,"ocean_menu_typo_line_height_tablet":0,"ocean_menu_typo_line_height_mobile":0,"ocean_menu_typo_line_height_unit":"","ocean_menu_typo_spacing":0,"ocean_menu_typo_spacing_tablet":0,"ocean_menu_typo_spacing_mobile":0,"ocean_menu_typo_spacing_unit":"","ocean_menu_link_color":"","ocean_menu_link_color_hover":"","ocean_menu_link_color_active":"","ocean_menu_link_background":"","ocean_menu_link_hover_background":"","ocean_menu_link_active_background":"","ocean_menu_social_links_bg":"","ocean_menu_social_hover_links_bg":"","ocean_menu_social_links_color":"","ocean_menu_social_hover_links_color":"","ocean_disable_title":"default","ocean_disable_heading":"default","ocean_post_title":"","ocean_post_subheading":"","ocean_post_title_style":"","ocean_post_title_background_color":"","ocean_post_title_background":0,"ocean_post_title_bg_image_position":"","ocean_post_title_bg_image_attachment":"","ocean_post_title_bg_image_repeat":"","ocean_post_title_bg_image_size":"","ocean_post_title_height":0,"ocean_post_title_bg_overlay":0.5,"ocean_post_title_bg_overlay_color":"","ocean_disable_breadcrumbs":"default","ocean_breadcrumbs_color":"","ocean_breadcrumbs_separator_color":"","ocean_breadcrumbs_links_color":"","ocean_breadcrumbs_links_hover_color":"","ocean_display_footer_widgets":"default","ocean_display_footer_bottom":"default","ocean_custom_footer_template":"0","footnotes":""},"class_list":["post-158","page","type-page","status-publish","hentry","entry"],"yoast_head":"<!-- This site is optimized with the Yoast SEO plugin v27.5 - https:\/\/yoast.com\/product\/yoast-seo-wordpress\/ -->\n<title>Conditions g\u00e9n\u00e9rales de locations saisonni\u00e8res - Locations vacances ch\u00e2telaillon Plage<\/title>\n<meta name=\"description\" content=\"D\u00e9couvrez Chatelaillon avec sa grande plage, ses nombreuses activit\u00e9s et ses locations vue mer\" \/>\n<meta name=\"robots\" content=\"index, follow, max-snippet:-1, max-image-preview:large, max-video-preview:-1\" \/>\n<link rel=\"canonical\" href=\"https:\/\/vacances-chatelaillon.com\/index.php\/conditions-generales-de-locations-saisonnieres\/\" \/>\n<meta property=\"og:locale\" content=\"fr_FR\" \/>\n<meta property=\"og:type\" content=\"article\" \/>\n<meta property=\"og:title\" content=\"Conditions g\u00e9n\u00e9rales de locations saisonni\u00e8res - Locations vacances ch\u00e2telaillon Plage\" \/>\n<meta property=\"og:description\" content=\"D\u00e9couvrez Chatelaillon avec sa grande plage, ses nombreuses activit\u00e9s et ses locations vue mer\" \/>\n<meta property=\"og:url\" content=\"https:\/\/vacances-chatelaillon.com\/index.php\/conditions-generales-de-locations-saisonnieres\/\" \/>\n<meta property=\"og:site_name\" content=\"Locations vacances ch\u00e2telaillon Plage\" \/>\n<meta property=\"article:modified_time\" content=\"2023-02-28T08:46:56+00:00\" \/>\n<meta name=\"twitter:card\" content=\"summary_large_image\" \/>\n<meta name=\"twitter:label1\" content=\"Dur\u00e9e de lecture estim\u00e9e\" \/>\n\t<meta name=\"twitter:data1\" content=\"4 minutes\" \/>\n<script type=\"application\/ld+json\" class=\"yoast-schema-graph\">{\"@context\":\"https:\\\/\\\/schema.org\",\"@graph\":[{\"@type\":\"WebPage\",\"@id\":\"https:\\\/\\\/vacances-chatelaillon.com\\\/index.php\\\/conditions-generales-de-locations-saisonnieres\\\/\",\"url\":\"https:\\\/\\\/vacances-chatelaillon.com\\\/index.php\\\/conditions-generales-de-locations-saisonnieres\\\/\",\"name\":\"Conditions g\u00e9n\u00e9rales de locations saisonni\u00e8res - Locations vacances ch\u00e2telaillon Plage\",\"isPartOf\":{\"@id\":\"https:\\\/\\\/vacances-chatelaillon.com\\\/#website\"},\"datePublished\":\"2023-02-21T13:11:55+00:00\",\"dateModified\":\"2023-02-28T08:46:56+00:00\",\"description\":\"D\u00e9couvrez Chatelaillon avec sa grande plage, ses nombreuses activit\u00e9s et ses locations vue mer\",\"breadcrumb\":{\"@id\":\"https:\\\/\\\/vacances-chatelaillon.com\\\/index.php\\\/conditions-generales-de-locations-saisonnieres\\\/#breadcrumb\"},\"inLanguage\":\"fr-FR\",\"potentialAction\":[{\"@type\":\"ReadAction\",\"target\":[\"https:\\\/\\\/vacances-chatelaillon.com\\\/index.php\\\/conditions-generales-de-locations-saisonnieres\\\/\"]}]},{\"@type\":\"BreadcrumbList\",\"@id\":\"https:\\\/\\\/vacances-chatelaillon.com\\\/index.php\\\/conditions-generales-de-locations-saisonnieres\\\/#breadcrumb\",\"itemListElement\":[{\"@type\":\"ListItem\",\"position\":1,\"name\":\"Accueil\",\"item\":\"https:\\\/\\\/vacances-chatelaillon.com\\\/\"},{\"@type\":\"ListItem\",\"position\":2,\"name\":\"Conditions g\u00e9n\u00e9rales de locations saisonni\u00e8res\"}]},{\"@type\":\"WebSite\",\"@id\":\"https:\\\/\\\/vacances-chatelaillon.com\\\/#website\",\"url\":\"https:\\\/\\\/vacances-chatelaillon.com\\\/\",\"name\":\"Locations vacances ch\u00e2telaillon Plage\",\"description\":\"Passez des vacances de r\u00eaves sur la c\u00f4te Atlantique\",\"potentialAction\":[{\"@type\":\"SearchAction\",\"target\":{\"@type\":\"EntryPoint\",\"urlTemplate\":\"https:\\\/\\\/vacances-chatelaillon.com\\\/?s={search_term_string}\"},\"query-input\":{\"@type\":\"PropertyValueSpecification\",\"valueRequired\":true,\"valueName\":\"search_term_string\"}}],\"inLanguage\":\"fr-FR\"}]}<\/script>\n<!-- \/ Yoast SEO plugin. -->","yoast_head_json":{"title":"Conditions g\u00e9n\u00e9rales de locations saisonni\u00e8res - Locations vacances ch\u00e2telaillon Plage","description":"D\u00e9couvrez Chatelaillon avec sa grande plage, ses nombreuses activit\u00e9s et ses locations vue mer","robots":{"index":"index","follow":"follow","max-snippet":"max-snippet:-1","max-image-preview":"max-image-preview:large","max-video-preview":"max-video-preview:-1"},"canonical":"https:\/\/vacances-chatelaillon.com\/index.php\/conditions-generales-de-locations-saisonnieres\/","og_locale":"fr_FR","og_type":"article","og_title":"Conditions g\u00e9n\u00e9rales de locations saisonni\u00e8res - Locations vacances ch\u00e2telaillon Plage","og_description":"D\u00e9couvrez Chatelaillon avec sa grande plage, ses nombreuses activit\u00e9s et ses locations vue mer","og_url":"https:\/\/vacances-chatelaillon.com\/index.php\/conditions-generales-de-locations-saisonnieres\/","og_site_name":"Locations vacances ch\u00e2telaillon Plage","article_modified_time":"2023-02-28T08:46:56+00:00","twitter_card":"summary_large_image","twitter_misc":{"Dur\u00e9e de lecture estim\u00e9e":"4 minutes"},"schema":{"@context":"https:\/\/schema.org","@graph":[{"@type":"WebPage","@id":"https:\/\/vacances-chatelaillon.com\/index.php\/conditions-generales-de-locations-saisonnieres\/","url":"https:\/\/vacances-chatelaillon.com\/index.php\/conditions-generales-de-locations-saisonnieres\/","name":"Conditions g\u00e9n\u00e9rales de locations saisonni\u00e8res - Locations vacances ch\u00e2telaillon Plage","isPartOf":{"@id":"https:\/\/vacances-chatelaillon.com\/#website"},"datePublished":"2023-02-21T13:11:55+00:00","dateModified":"2023-02-28T08:46:56+00:00","description":"D\u00e9couvrez Chatelaillon avec sa grande plage, ses nombreuses activit\u00e9s et ses locations vue mer","breadcrumb":{"@id":"https:\/\/vacances-chatelaillon.com\/index.php\/conditions-generales-de-locations-saisonnieres\/#breadcrumb"},"inLanguage":"fr-FR","potentialAction":[{"@type":"ReadAction","target":["https:\/\/vacances-chatelaillon.com\/index.php\/conditions-generales-de-locations-saisonnieres\/"]}]},{"@type":"BreadcrumbList","@id":"https:\/\/vacances-chatelaillon.com\/index.php\/conditions-generales-de-locations-saisonnieres\/#breadcrumb","itemListElement":[{"@type":"ListItem","position":1,"name":"Accueil","item":"https:\/\/vacances-chatelaillon.com\/"},{"@type":"ListItem","position":2,"name":"Conditions g\u00e9n\u00e9rales de locations saisonni\u00e8res"}]},{"@type":"WebSite","@id":"https:\/\/vacances-chatelaillon.com\/#website","url":"https:\/\/vacances-chatelaillon.com\/","name":"Locations vacances ch\u00e2telaillon Plage","description":"Passez des vacances de r\u00eaves sur la c\u00f4te Atlantique","potentialAction":[{"@type":"SearchAction","target":{"@type":"EntryPoint","urlTemplate":"https:\/\/vacances-chatelaillon.com\/?s={search_term_string}"},"query-input":{"@type":"PropertyValueSpecification","valueRequired":true,"valueName":"search_term_string"}}],"inLanguage":"fr-FR"}]}},"_links":{"self":[{"href":"https:\/\/vacances-chatelaillon.com\/index.php\/wp-json\/wp\/v2\/pages\/158","targetHints":{"allow":["GET"]}}],"collection":[{"href":"https:\/\/vacances-chatelaillon.com\/index.php\/wp-json\/wp\/v2\/pages"}],"about":[{"href":"https:\/\/vacances-chatelaillon.com\/index.php\/wp-json\/wp\/v2\/types\/page"}],"author":[{"embeddable":true,"href":"https:\/\/vacances-chatelaillon.com\/index.php\/wp-json\/wp\/v2\/users\/1"}],"replies":[{"embeddable":true,"href":"https:\/\/vacances-chatelaillon.com\/index.php\/wp-json\/wp\/v2\/comments?post=158"}],"version-history":[{"count":15,"href":"https:\/\/vacances-chatelaillon.com\/index.php\/wp-json\/wp\/v2\/pages\/158\/revisions"}],"predecessor-version":[{"id":1221,"href":"https:\/\/vacances-chatelaillon.com\/index.php\/wp-json\/wp\/v2\/pages\/158\/revisions\/1221"}],"wp:attachment":[{"href":"https:\/\/vacances-chatelaillon.com\/index.php\/wp-json\/wp\/v2\/media?parent=158"}],"curies":[{"name":"wp","href":"https:\/\/api.w.org\/{rel}","templated":true}]}}