{"id":825,"date":"2023-02-27T10:32:21","date_gmt":"2023-02-27T09:32:21","guid":{"rendered":"https:\/\/vacances-chatelaillon.com\/?page_id=825"},"modified":"2023-03-08T16:58:47","modified_gmt":"2023-03-08T15:58:47","slug":"credits-images","status":"publish","type":"page","link":"https:\/\/vacances-chatelaillon.com\/index.php\/credits-images\/","title":{"rendered":"cr\u00e9dits images"},"content":{"rendered":"\t\t<div data-elementor-type=\"wp-page\" data-elementor-id=\"825\" class=\"elementor elementor-825\">\n\t\t\t\t\t\t<section class=\"elementor-section elementor-top-section elementor-element elementor-element-297a7e9 elementor-section-boxed elementor-section-height-default elementor-section-height-default\" data-id=\"297a7e9\" data-element_type=\"section\" data-e-type=\"section\">\n\t\t\t\t\t\t<div class=\"elementor-container elementor-column-gap-default\">\n\t\t\t\t\t<div class=\"elementor-column elementor-col-100 elementor-top-column elementor-element elementor-element-7de7414\" data-id=\"7de7414\" data-element_type=\"column\" data-e-type=\"column\">\n\t\t\t<div class=\"elementor-widget-wrap elementor-element-populated\">\n\t\t\t\t\t\t<div class=\"elementor-element elementor-element-165e1bf elementor-widget elementor-widget-text-editor\" data-id=\"165e1bf\" data-element_type=\"widget\" data-e-type=\"widget\" data-widget_type=\"text-editor.default\">\n\t\t\t\t<div class=\"elementor-widget-container\">\n\t\t\t\t\t\t\t\t\t<p><em>Image \u00e0 visiter :\u00a0<\/em><\/p><p>Le pont d&rsquo;Ol\u00e9ron au coucher du soleil : https:\/\/commons.wikimedia.org\/wiki\/File:Pont_Ol%C3%A9ron2.JPG<\/p><p><em>Image le Port de la Rochelle :<\/em> Ryszard Zalesk\u00a0<\/p><p><a href=\"https:\/\/www.pexels.com\/fr-fr\/@ryszard-zaleski-29105926\/\">https:\/\/www.pexels.com\/fr-fr\/@ryszard-zaleski-29105926\/<\/a><\/p><p><em>Image Port des Barques :\u00a0<\/em><a href=\"https:\/\/www.facebook.com\/permalink.php?story_fbid=pfbid02xTZYMGCs8WsvNC2z5j44YSGdH3KsxodKKBVDjukkhcFWDsvXBQ4KZhbyjzQfS5K6l&amp;id=365713863445645&amp;comment_id=611426260822229&amp;reply_comment_id=553780500150450&amp;notif_id=1677177378029750&amp;notif_t=comment_mention&amp;ref=notif\"><span style=\"font-size: 17px;\">Georges Fontaine<\/span><\/a><\/p><p><em>Le Fort Boyard :\u00a0<\/em><span style=\"font-size: 17px;\">Simon Pallard<\/span><\/p><p>site Unsplash<\/p><p>image contact :\u00a0<span style=\"font-size: 17px;\">freepik<\/span><\/p>\t\t\t\t\t\t\t\t<\/div>\n\t\t\t\t<\/div>\n\t\t\t\t\t<\/div>\n\t\t<\/div>\n\t\t\t\t\t<\/div>\n\t\t<\/section>\n\t\t\t\t<\/div>\n\t\t","protected":false},"excerpt":{"rendered":"<p>Image \u00e0 visiter :\u00a0 Le pont d&rsquo;Ol\u00e9ron au coucher du soleil : https:\/\/commons.wikimedia.org\/wiki\/File:Pont_Ol%C3%A9ron2.JPG Image le Port de la Rochelle : Ryszard Zalesk\u00a0 https:\/\/www.pexels.com\/fr-fr\/@ryszard-zaleski-29105926\/ Image Port des Barques :\u00a0Georges Fontaine Le Fort Boyard :\u00a0Simon Pallard site Unsplash image contact :\u00a0freepik<\/p>\n","protected":false},"author":1,"featured_media":0,"parent":0,"menu_order":0,"comment_status":"closed","ping_status":"closed","template":"","meta":{"ocean_post_layout":"full-width","ocean_both_sidebars_style":"","ocean_both_sidebars_content_width":0,"ocean_both_sidebars_sidebars_width":0,"ocean_sidebar":"0","ocean_second_sidebar":"0","ocean_disable_margins":"enable","ocean_add_body_class":"","ocean_shortcode_before_top_bar":"","ocean_shortcode_after_top_bar":"","ocean_shortcode_before_header":"","ocean_shortcode_after_header":"","ocean_has_shortcode":"","ocean_shortcode_after_title":"","ocean_shortcode_before_footer_widgets":"","ocean_shortcode_after_footer_widgets":"","ocean_shortcode_before_footer_bottom":"","ocean_shortcode_after_footer_bottom":"","ocean_display_top_bar":"default","ocean_display_header":"default","ocean_header_style":"","ocean_center_header_left_menu":"0","ocean_custom_header_template":"0","ocean_custom_logo":0,"ocean_custom_retina_logo":0,"ocean_custom_logo_max_width":0,"ocean_custom_logo_tablet_max_width":0,"ocean_custom_logo_mobile_max_width":0,"ocean_custom_logo_max_height":0,"ocean_custom_logo_tablet_max_height":0,"ocean_custom_logo_mobile_max_height":0,"ocean_header_custom_menu":"0","ocean_menu_typo_font_family":"0","ocean_menu_typo_font_subset":"","ocean_menu_typo_font_size":0,"ocean_menu_typo_font_size_tablet":0,"ocean_menu_typo_font_size_mobile":0,"ocean_menu_typo_font_size_unit":"px","ocean_menu_typo_font_weight":"","ocean_menu_typo_font_weight_tablet":"","ocean_menu_typo_font_weight_mobile":"","ocean_menu_typo_transform":"","ocean_menu_typo_transform_tablet":"","ocean_menu_typo_transform_mobile":"","ocean_menu_typo_line_height":0,"ocean_menu_typo_line_height_tablet":0,"ocean_menu_typo_line_height_mobile":0,"ocean_menu_typo_line_height_unit":"","ocean_menu_typo_spacing":0,"ocean_menu_typo_spacing_tablet":0,"ocean_menu_typo_spacing_mobile":0,"ocean_menu_typo_spacing_unit":"","ocean_menu_link_color":"","ocean_menu_link_color_hover":"","ocean_menu_link_color_active":"","ocean_menu_link_background":"","ocean_menu_link_hover_background":"","ocean_menu_link_active_background":"","ocean_menu_social_links_bg":"","ocean_menu_social_hover_links_bg":"","ocean_menu_social_links_color":"","ocean_menu_social_hover_links_color":"","ocean_disable_title":"default","ocean_disable_heading":"default","ocean_post_title":"","ocean_post_subheading":"","ocean_post_title_style":"","ocean_post_title_background_color":"","ocean_post_title_background":0,"ocean_post_title_bg_image_position":"","ocean_post_title_bg_image_attachment":"","ocean_post_title_bg_image_repeat":"","ocean_post_title_bg_image_size":"","ocean_post_title_height":0,"ocean_post_title_bg_overlay":0.5,"ocean_post_title_bg_overlay_color":"","ocean_disable_breadcrumbs":"default","ocean_breadcrumbs_color":"","ocean_breadcrumbs_separator_color":"","ocean_breadcrumbs_links_color":"","ocean_breadcrumbs_links_hover_color":"","ocean_display_footer_widgets":"default","ocean_display_footer_bottom":"default","ocean_custom_footer_template":"0","footnotes":""},"class_list":["post-825","page","type-page","status-publish","hentry","entry"],"yoast_head":"<!-- This site is optimized with the Yoast SEO plugin v27.5 - https:\/\/yoast.com\/product\/yoast-seo-wordpress\/ -->\n<title>cr\u00e9dits images - Locations vacances ch\u00e2telaillon Plage<\/title>\n<meta name=\"robots\" content=\"index, follow, max-snippet:-1, max-image-preview:large, max-video-preview:-1\" \/>\n<link rel=\"canonical\" href=\"https:\/\/vacances-chatelaillon.com\/index.php\/credits-images\/\" \/>\n<meta property=\"og:locale\" content=\"fr_FR\" \/>\n<meta property=\"og:type\" content=\"article\" \/>\n<meta property=\"og:title\" content=\"cr\u00e9dits images - Locations vacances ch\u00e2telaillon Plage\" \/>\n<meta property=\"og:description\" content=\"Image \u00e0 visiter :\u00a0 Le pont d&rsquo;Ol\u00e9ron au coucher du soleil : https:\/\/commons.wikimedia.org\/wiki\/File:Pont_Ol%C3%A9ron2.JPG Image le Port de la Rochelle : Ryszard Zalesk\u00a0 https:\/\/www.pexels.com\/fr-fr\/@ryszard-zaleski-29105926\/ Image Port des Barques :\u00a0Georges Fontaine Le Fort Boyard :\u00a0Simon Pallard site Unsplash image contact :\u00a0freepik\" \/>\n<meta property=\"og:url\" content=\"https:\/\/vacances-chatelaillon.com\/index.php\/credits-images\/\" \/>\n<meta property=\"og:site_name\" content=\"Locations vacances ch\u00e2telaillon Plage\" \/>\n<meta property=\"article:modified_time\" content=\"2023-03-08T15:58:47+00:00\" \/>\n<meta name=\"twitter:card\" content=\"summary_large_image\" \/>\n<meta name=\"twitter:label1\" content=\"Dur\u00e9e de lecture estim\u00e9e\" \/>\n\t<meta name=\"twitter:data1\" content=\"1 minute\" \/>\n<script type=\"application\/ld+json\" class=\"yoast-schema-graph\">{\"@context\":\"https:\\\/\\\/schema.org\",\"@graph\":[{\"@type\":\"WebPage\",\"@id\":\"https:\\\/\\\/vacances-chatelaillon.com\\\/index.php\\\/credits-images\\\/\",\"url\":\"https:\\\/\\\/vacances-chatelaillon.com\\\/index.php\\\/credits-images\\\/\",\"name\":\"cr\u00e9dits images - Locations vacances ch\u00e2telaillon Plage\",\"isPartOf\":{\"@id\":\"https:\\\/\\\/vacances-chatelaillon.com\\\/#website\"},\"datePublished\":\"2023-02-27T09:32:21+00:00\",\"dateModified\":\"2023-03-08T15:58:47+00:00\",\"breadcrumb\":{\"@id\":\"https:\\\/\\\/vacances-chatelaillon.com\\\/index.php\\\/credits-images\\\/#breadcrumb\"},\"inLanguage\":\"fr-FR\",\"potentialAction\":[{\"@type\":\"ReadAction\",\"target\":[\"https:\\\/\\\/vacances-chatelaillon.com\\\/index.php\\\/credits-images\\\/\"]}]},{\"@type\":\"BreadcrumbList\",\"@id\":\"https:\\\/\\\/vacances-chatelaillon.com\\\/index.php\\\/credits-images\\\/#breadcrumb\",\"itemListElement\":[{\"@type\":\"ListItem\",\"position\":1,\"name\":\"Accueil\",\"item\":\"https:\\\/\\\/vacances-chatelaillon.com\\\/\"},{\"@type\":\"ListItem\",\"position\":2,\"name\":\"cr\u00e9dits images\"}]},{\"@type\":\"WebSite\",\"@id\":\"https:\\\/\\\/vacances-chatelaillon.com\\\/#website\",\"url\":\"https:\\\/\\\/vacances-chatelaillon.com\\\/\",\"name\":\"Locations vacances ch\u00e2telaillon Plage\",\"description\":\"Passez des vacances de r\u00eaves sur la c\u00f4te Atlantique\",\"potentialAction\":[{\"@type\":\"SearchAction\",\"target\":{\"@type\":\"EntryPoint\",\"urlTemplate\":\"https:\\\/\\\/vacances-chatelaillon.com\\\/?s={search_term_string}\"},\"query-input\":{\"@type\":\"PropertyValueSpecification\",\"valueRequired\":true,\"valueName\":\"search_term_string\"}}],\"inLanguage\":\"fr-FR\"}]}<\/script>\n<!-- \/ Yoast SEO plugin. -->","yoast_head_json":{"title":"cr\u00e9dits images - Locations vacances ch\u00e2telaillon Plage","robots":{"index":"index","follow":"follow","max-snippet":"max-snippet:-1","max-image-preview":"max-image-preview:large","max-video-preview":"max-video-preview:-1"},"canonical":"https:\/\/vacances-chatelaillon.com\/index.php\/credits-images\/","og_locale":"fr_FR","og_type":"article","og_title":"cr\u00e9dits images - Locations vacances ch\u00e2telaillon Plage","og_description":"Image \u00e0 visiter :\u00a0 Le pont d&rsquo;Ol\u00e9ron au coucher du soleil : https:\/\/commons.wikimedia.org\/wiki\/File:Pont_Ol%C3%A9ron2.JPG Image le Port de la Rochelle : Ryszard Zalesk\u00a0 https:\/\/www.pexels.com\/fr-fr\/@ryszard-zaleski-29105926\/ Image Port des Barques :\u00a0Georges Fontaine Le Fort Boyard :\u00a0Simon Pallard site Unsplash image contact :\u00a0freepik","og_url":"https:\/\/vacances-chatelaillon.com\/index.php\/credits-images\/","og_site_name":"Locations vacances ch\u00e2telaillon Plage","article_modified_time":"2023-03-08T15:58:47+00:00","twitter_card":"summary_large_image","twitter_misc":{"Dur\u00e9e de lecture estim\u00e9e":"1 minute"},"schema":{"@context":"https:\/\/schema.org","@graph":[{"@type":"WebPage","@id":"https:\/\/vacances-chatelaillon.com\/index.php\/credits-images\/","url":"https:\/\/vacances-chatelaillon.com\/index.php\/credits-images\/","name":"cr\u00e9dits images - Locations vacances ch\u00e2telaillon Plage","isPartOf":{"@id":"https:\/\/vacances-chatelaillon.com\/#website"},"datePublished":"2023-02-27T09:32:21+00:00","dateModified":"2023-03-08T15:58:47+00:00","breadcrumb":{"@id":"https:\/\/vacances-chatelaillon.com\/index.php\/credits-images\/#breadcrumb"},"inLanguage":"fr-FR","potentialAction":[{"@type":"ReadAction","target":["https:\/\/vacances-chatelaillon.com\/index.php\/credits-images\/"]}]},{"@type":"BreadcrumbList","@id":"https:\/\/vacances-chatelaillon.com\/index.php\/credits-images\/#breadcrumb","itemListElement":[{"@type":"ListItem","position":1,"name":"Accueil","item":"https:\/\/vacances-chatelaillon.com\/"},{"@type":"ListItem","position":2,"name":"cr\u00e9dits images"}]},{"@type":"WebSite","@id":"https:\/\/vacances-chatelaillon.com\/#website","url":"https:\/\/vacances-chatelaillon.com\/","name":"Locations vacances ch\u00e2telaillon Plage","description":"Passez des vacances de r\u00eaves sur la c\u00f4te Atlantique","potentialAction":[{"@type":"SearchAction","target":{"@type":"EntryPoint","urlTemplate":"https:\/\/vacances-chatelaillon.com\/?s={search_term_string}"},"query-input":{"@type":"PropertyValueSpecification","valueRequired":true,"valueName":"search_term_string"}}],"inLanguage":"fr-FR"}]}},"_links":{"self":[{"href":"https:\/\/vacances-chatelaillon.com\/index.php\/wp-json\/wp\/v2\/pages\/825","targetHints":{"allow":["GET"]}}],"collection":[{"href":"https:\/\/vacances-chatelaillon.com\/index.php\/wp-json\/wp\/v2\/pages"}],"about":[{"href":"https:\/\/vacances-chatelaillon.com\/index.php\/wp-json\/wp\/v2\/types\/page"}],"author":[{"embeddable":true,"href":"https:\/\/vacances-chatelaillon.com\/index.php\/wp-json\/wp\/v2\/users\/1"}],"replies":[{"embeddable":true,"href":"https:\/\/vacances-chatelaillon.com\/index.php\/wp-json\/wp\/v2\/comments?post=825"}],"version-history":[{"count":37,"href":"https:\/\/vacances-chatelaillon.com\/index.php\/wp-json\/wp\/v2\/pages\/825\/revisions"}],"predecessor-version":[{"id":1816,"href":"https:\/\/vacances-chatelaillon.com\/index.php\/wp-json\/wp\/v2\/pages\/825\/revisions\/1816"}],"wp:attachment":[{"href":"https:\/\/vacances-chatelaillon.com\/index.php\/wp-json\/wp\/v2\/media?parent=825"}],"curies":[{"name":"wp","href":"https:\/\/api.w.org\/{rel}","templated":true}]}}